{"id":1217,"date":"2015-03-08T20:46:34","date_gmt":"2015-03-08T19:46:34","guid":{"rendered":"http:\/\/localhost\/wordpress\/?page_id=1217"},"modified":"2025-05-09T18:33:40","modified_gmt":"2025-05-09T16:33:40","slug":"historie","status":"publish","type":"page","link":"https:\/\/www.scdiogenes.de\/wordpress\/?page_id=1217","title":{"rendered":"Historie"},"content":{"rendered":"<h2>Der SC DIOGENES von 1977 e. V. &#8230;<\/h2>\n<p>&#8230; wurde im Herbst 1977 von Mitgliedern der Schachabteilung Palamedes des SC Concordia Hamburg gegr\u00fcndet.<br \/>\nEs waren vor allem die damaligen Jugendtrainer sowie fast alle Jugendspieler die sich von dem neuen, eigenen Verein eine bessere M\u00f6glichkeit der Selbstbestimmung versprachen. Einige starke Spieler und Trainer beraubten sich damit der M\u00f6glichkeit, beim Schach-Bundesligaverein Concordia zu h\u00f6heren Ehren zu gelangen. Die wenigen Erwachsenen starteten mit 2 Mannschaften in der heutigen Kreisklasse, da der Hamburger Schachverband auf dem langen Weg durch alle Klassen bestand. Die Jugend durfte aber den Platz der nun \u201ejugendfreien\u201c Concorden in der Jugend-Oberliga-Nord einnehmen.<br \/>\nDaraus ergab sich zus\u00e4tzliche Konzentration auf den Hauptzweck des neuen Vereines \u2013 die F\u00f6rderung des Jugendschachs. Und ein Anfangserfolg als Deutscher Jugend-Vizemeister 1978 lie\u00df die Gl\u00e4ser zum ersten Mal etwas lauter klingen. \u00dcberhaupt gelang es immer wieder, sich neben dem dominierenden Hamburger SK f\u00fcr die Endrunde der Deutschen Meisterschaft zu qualifizieren.Auf anderer Ebene wuchsen im Mantel der Tonne neue Freundschaften heran und vertieften sich alte Verbindungen. W\u00e4hrend der bis heute stattfindenden Schach-Freizeitreise im Herbst, bei Fahrradtouren, Tischtennis, Fu\u00dfball und nicht zuletzt Doppelkopf gedieh eine fr\u00f6hliche Gemeinschaft, die wichtiger war als sportliche Erfolge.<br \/>\nSolange unsere Zugpferde f\u00fcr die Jugendarbeit &#8211; die legend\u00e4ren 4 J(otts), Jens-Peter Koopmann, Joachim \u201eYogi\u201c Harnack, J\u00f6rn Claussen und J\u00f6rg Schulz ihre Ideen auslebten und solange die \u201eAlten\u201c \u2013 u.a. Michael Pommerening (\u201ePommi\u201c), Werner Schulenburg, Michael Stollberg und Detlef Melzer den manchmal wilden Club zusammenhielten, solange war Energie da, die sich in eine steigende Mitgliederzahl und sich wie von selbst einstellende sportliche Erfolge wandelte.<\/p>\n<h2>Einige Stationen &#8230;<\/h2>\n<p>&#8230; <b>1977<\/b>\u00a0\u00a0\u00a0 Gr\u00fcndung des Schach Club Diogenes, Anerkennung als eingetragener Verein 1978 unter Vorsitz von Michael Pommerening<br \/>\n&#8230; <b>1978<\/b>\u00a0\u00a0\u00a0 Vizemeister der Deutschen Jugend-Mannschaftsmeisterschaften (DVJM)<br \/>\n&#8230; <b>1979<\/b>\u00a0\u00a0\u00a0 5. Platz der DVJM<br \/>\n&#8230; <b>1981<\/b>\u00a0\u00a0\u00a0 9. Platz der DVJM<br \/>\n&#8230; <b>1982<\/b>\u00a0\u00a0 4. Platz der DVJM<br \/>\n&#8230; <b>1984<\/b>\u00a0\u00a0\u00a0 6. Platz der DVJM<br \/>\n&#8230; <b>1985<\/b>\u00a0\u00a0\u00a0 Aufstieg in die Landesliga Hamburg<br \/>\n&#8230; <b>1986<\/b>\u00a0\u00a0\u00a0 7. Platz der DVJM<br \/>\n&#8230; <b>1987<\/b>\u00a0\u00a0\u00a0 Deutscher Jugend-Mannschaftsmeister Karsten M\u00fcller, Martin Voigt, Holger Mach, Andre Kr\u00fcger, Tsung Chen, Henning Mordhorst, Stefan Gottuk (geb. Hingst), Cornelia W\u00f6lk<br \/>\n&#8230; <b>1988<\/b>\u00a0\u00a0\u00a0 Deutscher Vizemeister der Schulmannschaften WK I<br \/>\nAuszeichnung mit dem \u201eGr\u00fcnen Band zur F\u00f6rderung des Jugendsports\u201c der Dresdner Bank4. Platz der DVJM<br \/>\n&#8230; <b>1990<\/b>\u00a0\u00a0\u00a0 Aufstieg von DIO I in die Oberliga Nord<br \/>\n&#8230; <b>1994<\/b>\u00a0\u00a0\u00a0 Thomas Rieling (geb. Kalks) wird 1. Vorsitzender<br \/>\n&#8230; <b>1995<\/b>\u00a0\u00a0\u00a0 Aufstieg von DIO I in die 2. Bundesliga Nord<br \/>\n&#8230; <b>1996<\/b>\u00a0\u00a0\u00a0 Abstieg von DIO I in die Oberliga Nord, die bis heute gehalten werden konnte<br \/>\n&#8230; <b>1997<\/b>\u00a0\u00a0\u00a0 6. Platz der DVJM<br \/>\n&#8230; <b>1999<\/b>\u00a0\u00a0\u00a0 Abstieg aus der Jugend-Bundesliga<br \/>\n&#8230; <b>2000\u00a0\u00a0\u00a0<\/b>Andre Kr\u00fcger wird 1. Vorsitzender<br \/>\n&#8230;\u00a0<strong>2005<\/strong>\u00a0 \u00a0 Karin Chin U18 2. Platz<br \/>\n&#8230;\u00a0<strong>2006\u00a0\u00a0\u00a0\u00a0<\/strong>Ramona Neumann W 1.Platz<br \/>\n&#8230;\u00a0<strong>2006\u00a0\u00a0\u00a0\u00a0<\/strong>1.Platz HJEM W<br \/>\n&#8230;\u00a0<strong>2007\u00a0\u00a0\u00a0\u00a0<\/strong>Ramona Neumann W 1.Platz<br \/>\n&#8230;\u00a0<strong>2007\u00a0\u00a0\u00a0\u00a0<\/strong>1.Platz HJEM W<br \/>\n&#8230;\u00a0<strong>2007\u00a0\u00a0\u00a0\u00a0<\/strong>Torben Schulenburg U16 2.Platz<br \/>\n&#8230;\u00a0<strong>2007\u00a0\u00a0\u00a0\u00a0<\/strong>Daniel K\u00fchn U18 2.Platz<br \/>\n&#8230;\u00a0<strong>2007\u00a0\u00a0\u00a0\u00a0<\/strong>Fabian Schulenburg U20 2.Platz<br \/>\n&#8230;\u00a0<strong>2008\u00a0\u00a0\u00a0\u00a0<\/strong>Daniel K\u00fchn U18 1.Platz<br \/>\n&#8230;\u00a0<strong>2008\u00a0\u00a0\u00a0\u00a0<\/strong>1.Platz HJEM U18<br \/>\n&#8230;\u00a0<strong>2012\u00a0\u00a0\u00a0\u00a0<\/strong>Torben Schulenberg U20 1.Platz<br \/>\n&#8230;\u00a0<strong>2012\u00a0\u00a0\u00a0\u00a0<\/strong>Aaron Bernstengel U14 3. Platz<br \/>\n&#8230;\u00a0<strong>2012\u00a0\u00a0\u00a0\u00a0<\/strong>Aufstieg in Jugendbundesliga<br \/>\n&#8230; <strong>2012\u00a0\u00a0\u00a0\u00a0<\/strong>1.Platz HJEM U20<br \/>\n&#8230;\u00a0<strong>2013\u00a0\u00a0\u00a0\u00a0<\/strong>Anna Lohmann W 1.Platz<br \/>\n&#8230;\u00a0<strong>2013\u00a0\u00a0\u00a0\u00a0<\/strong>Emir\u00a0Zehic\u00a0U18 3.Platz<br \/>\n&#8230;\u00a0<strong>2013\u00a0\u00a0\u00a0\u00a0<\/strong>Samuel Orlick U14 3.Platz<br \/>\n&#8230;\u00a0<strong>2013\u00a0\u00a0\u00a0\u00a0<\/strong>1.Platz HJEM W<br \/>\n&#8230;\u00a0<strong>2019\u00a0\u00a0\u00a0\u00a0<\/strong>Tom Woelk U20 1.Platz<br \/>\n&#8230;\u00a0<strong>2019\u00a0\u00a0\u00a0\u00a0<\/strong>1.Platz HJEM U20<br \/>\n&#8230;\u00a0<strong>2021\u00a0\u00a0\u00a0\u00a0<\/strong>1.Platz Deutscher Schul Team Cup<br \/>\n&#8230;\u00a0<strong>2022\u00a0\u00a0\u00a0\u00a0<\/strong>Max L\u00fcthje U18 3.Platz<\/p>\n<p>&#8230;<strong>2025\u00a0\u00a0\u00a0\u00a0<\/strong>Schachweltmeister Feiya Zheng CH<\/p>\n<p>&nbsp;<\/p>\n<h2>Nachdem Mitte der 80er bis Mitte der 90er &#8230;<\/h2>\n<p>&#8230; in jedem Jahr 5-6 Erwachsenen- 5-6 Jugend- und 1-2 Damen-Teams in die Mannschaftsk\u00e4mpfe zogen, konnte der Stand leider nicht gehalten werden. Unsere ehemaligen St\u00fctzen verschlug es in andere St\u00e4dte &#8230; J\u00f6rg Schulz z. B. als Angestellten des DSB u. a. als Gesch\u00e4ftsf\u00fchrer des Deutschen Schach-Jugendbundes &#8230; oder Michael Pommerening in die F\u00f6rderung der Erforschung der Wandsbeker Geschichte und erfolgreich in die \u201eJuristerei\u201c &#8230; und viele andere in ein erf\u00fclltes Familienleben, was als Novum unterdessen die S\u00f6hne unseres Mitbegr\u00fcnders Dr. Werner Schulenburg in unseren Club f\u00fchrte.<\/p>\n<h2>Heute &#8230;<\/h2>\n<p>&#8230; sind wir froh, wenn wir je 3 Mannschaften in die Jugend- und Erwachsenen-Mannschaftsk\u00e4mpfe schicken k\u00f6nnen und hoffen, dass die wenigen Talente einmal Ausdauer am Schach und soviel Freude an der Gemeinschaft finden, dass sie uns l\u00e4nger erhalten bleiben &#8230; und der Verein zumindest seinen Schrumpfprozess \u00fcberwinden kann. Insofern ist nach 25 Jahren auch die Durchf\u00fchrung der WK III \u2013 Meisterschaft mittlerweile eine gro\u00dfe Aufgabe f\u00fcr einen kleinen Verein!<\/p>\n<h2>Unsere (ehemaligen) Stars &#8230;<\/h2>\n<p>&#8230; gingen im Wesentlichen aus der Meistermannschaft von 1987 hervor und f\u00fchrten den Verein anschlie\u00dfend bis in die 2. Bundesliga \u2013 einige von Ihnen sorgen noch heute daf\u00fcr, dass wir wenigstens in der Oberliga mithalten k\u00f6nnen \u2013 und zwar traditionell ohne bezahlte Halbprofis!<br \/>\n&#8230; GM Karsten M\u00fcller<br \/>\n\u2013 k\u00e4mpft in der 1. Bundesliga f\u00fcr den HSK und unterst\u00fctzt uns aus Verbundenheit immer noch gern mit gelegentlichem Training<br \/>\n&#8230; FM Markus Hochgr\u00e4fe<br \/>\n&#8230; FM Martin Voigt<br \/>\n\u2013 beide haben die Chance ergriffen, mit dem SC K\u00f6nigsspringer HH ein (einj\u00e4hriges) Abenteuer in der 1. Bundesliga zu erleben.<br \/>\n&#8230; FM Peter K\u00fchn<br \/>\n\u2013 studiert und spielt viel Schach in S\u00fcdwest-Deutschland und in der Schweiz.<br \/>\n\u2026 FM Stefan Gottuk (geb. Hingst)\u2026 FM Holger Mach&#8230; FM Henning Mordhorst<br \/>\n&#8230; FM Axel Stephan<br \/>\n&#8211; finden bis heute zwischen Familie und Beruf auch Zeit f\u00fcr die eine oder viele andere Partien im SC Diogenes.<\/p>\n","protected":false},"excerpt":{"rendered":"<p>Der SC DIOGENES von 1977 e. V. &#8230; &#8230; wurde im Herbst 1977 von Mitgliedern der Schachabteilung Palamedes des SC Concordia Hamburg gegr\u00fcndet. Es waren vor allem die damaligen Jugendtrainer sowie fast alle Jugendspieler die sich von dem neuen, eigenen Verein eine bessere M\u00f6glichkeit der Selbstbestimmung versprachen. Einige starke Spieler und Trainer beraubten sich damit &#8230; <a title=\"Historie\" class=\"read-more\" href=\"https:\/\/www.scdiogenes.de\/wordpress\/?page_id=1217\" aria-label=\"Mehr Informationen \u00fcber Historie\">Weiterlesen<\/a><\/p>\n","protected":false},"author":1,"featured_media":0,"parent":0,"menu_order":0,"comment_status":"closed","ping_status":"closed","template":"","meta":{"footnotes":""},"class_list":["post-1217","page","type-page","status-publish"],"_links":{"self":[{"href":"https:\/\/www.scdiogenes.de\/wordpress\/index.php?rest_route=\/wp\/v2\/pages\/1217","targetHints":{"allow":["GET"]}}],"collection":[{"href":"https:\/\/www.scdiogenes.de\/wordpress\/index.php?rest_route=\/wp\/v2\/pages"}],"about":[{"href":"https:\/\/www.scdiogenes.de\/wordpress\/index.php?rest_route=\/wp\/v2\/types\/page"}],"author":[{"embeddable":true,"href":"https:\/\/www.scdiogenes.de\/wordpress\/index.php?rest_route=\/wp\/v2\/users\/1"}],"replies":[{"embeddable":true,"href":"https:\/\/www.scdiogenes.de\/wordpress\/index.php?rest_route=%2Fwp%2Fv2%2Fcomments&post=1217"}],"version-history":[{"count":3,"href":"https:\/\/www.scdiogenes.de\/wordpress\/index.php?rest_route=\/wp\/v2\/pages\/1217\/revisions"}],"predecessor-version":[{"id":5827,"href":"https:\/\/www.scdiogenes.de\/wordpress\/index.php?rest_route=\/wp\/v2\/pages\/1217\/revisions\/5827"}],"wp:attachment":[{"href":"https:\/\/www.scdiogenes.de\/wordpress\/index.php?rest_route=%2Fwp%2Fv2%2Fmedia&parent=1217"}],"curies":[{"name":"wp","href":"https:\/\/api.w.org\/{rel}","templated":true}]}}